{"id":1809,"date":"2020-05-22T09:36:18","date_gmt":"2020-05-22T09:36:18","guid":{"rendered":"https:\/\/fornricardera.com\/?page_id=1809"},"modified":"2020-05-27T15:10:21","modified_gmt":"2020-05-27T15:10:21","slug":"politica-de-cookies","status":"publish","type":"page","link":"https:\/\/fornricardera.com\/ca\/politica-de-cookies\/","title":{"rendered":"Pol\u00edtica de Cookies"},"content":{"rendered":"\t\t<div data-elementor-type=\"wp-page\" data-elementor-id=\"1809\" class=\"elementor elementor-1809\">\n\t\t\t\t\t\t<div class=\"elementor-inner\">\n\t\t\t\t<div class=\"elementor-section-wrap\">\n\t\t\t\t\t\t\t\t\t<section class=\"elementor-section elementor-top-section elementor-element elementor-element-d04b8de elementor-section-boxed elementor-section-height-default elementor-section-height-default\" data-id=\"d04b8de\" data-element_type=\"section\" data-settings=\"{&quot;background_background&quot;:&quot;classic&quot;}\">\n\t\t\t\t\t\t<div class=\"elementor-container elementor-column-gap-default\">\n\t\t\t\t\t\t\t<div class=\"elementor-row\">\n\t\t\t\t\t<div class=\"elementor-column elementor-col-100 elementor-top-column elementor-element elementor-element-d717c27\" data-id=\"d717c27\" data-element_type=\"column\">\n\t\t\t<div class=\"elementor-column-wrap elementor-element-populated\">\n\t\t\t\t\t\t\t<div class=\"elementor-widget-wrap\">\n\t\t\t\t\t\t<div class=\"elementor-element elementor-element-e8d91d1 elementor-widget elementor-widget-woocommerce-breadcrumb\" data-id=\"e8d91d1\" data-element_type=\"widget\" data-widget_type=\"woocommerce-breadcrumb.default\">\n\t\t\t\t<div class=\"elementor-widget-container\">\n\t\t\t<nav class=\"woocommerce-breadcrumb\">Inici<\/nav>\t\t<\/div>\n\t\t\t\t<\/div>\n\t\t\t\t\t\t<\/div>\n\t\t\t\t\t<\/div>\n\t\t<\/div>\n\t\t\t\t\t\t\t\t<\/div>\n\t\t\t\t\t<\/div>\n\t\t<\/section>\n\t\t\t\t<section class=\"elementor-section elementor-top-section elementor-element elementor-element-0bbedb6 elementor-section-boxed elementor-section-height-default elementor-section-height-default\" data-id=\"0bbedb6\" data-element_type=\"section\">\n\t\t\t\t\t\t<div class=\"elementor-container elementor-column-gap-default\">\n\t\t\t\t\t\t\t<div class=\"elementor-row\">\n\t\t\t\t\t<div class=\"elementor-column elementor-col-100 elementor-top-column elementor-element elementor-element-ca325af\" data-id=\"ca325af\" data-element_type=\"column\">\n\t\t\t<div class=\"elementor-column-wrap elementor-element-populated\">\n\t\t\t\t\t\t\t<div class=\"elementor-widget-wrap\">\n\t\t\t\t\t\t<div class=\"elementor-element elementor-element-1894445 elementor-widget elementor-widget-text-editor\" data-id=\"1894445\" data-element_type=\"widget\" data-widget_type=\"text-editor.default\">\n\t\t\t\t<div class=\"elementor-widget-container\">\n\t\t\t\t\t\t\t\t<div class=\"elementor-text-editor elementor-clearfix\">\n\t\t\t\t<p>De acuerdo con la normativa vigente, <strong>Forn<\/strong><strong> Ricardera S.L.<\/strong> facilita la informaci\u00f3n sobre el uso de cookies en su p\u00e1gina web, al tiempo que solicita <strong>consentimiento por parte del usuario para usarlas. <\/strong><\/p><p>As\u00ed mismo, tambi\u00e9n se reserva el derecho de modificar la presente Pol\u00edtica de <em>cookies<\/em> como consecuencia de un cambio legislativo, jurisprudencial o de la pr\u00e1ctica empresarial.<\/p><p>La vigencia temporal de esta Pol\u00edtica de <em>cookies<\/em> coincide, por lo tanto, con el tiempo de su exposici\u00f3n, hasta el momento en que sean modificadas de forma total o parcial por <strong>FORN RICARDERA S.L.<\/strong><\/p><p>Por esta raz\u00f3n, los usuarios deber\u00e1n ir revisando la Pol\u00edtica de <em>cookies<\/em> publicada en <a href=\"http:\/\/www.fornricardera.com\"><strong>www.fornricardera.com<\/strong><\/a>, salvo que haya configurado su navegador de acuerdo con sus preferencias.<\/p><p>La Pol\u00edtica de <em>cookies<\/em> es en espa\u00f1ol, por lo que la interpretaci\u00f3n del contrato ser\u00e1 conforme al t\u00edtulo IV del C\u00f3digo Civil, y la versi\u00f3n espa\u00f1ola ser\u00e1 la aut\u00e9ntica.<\/p>\t\t\t\t\t<\/div>\n\t\t\t\t\t\t<\/div>\n\t\t\t\t<\/div>\n\t\t\t\t<div class=\"elementor-element elementor-element-d1d0544 elementor-widget elementor-widget-heading\" data-id=\"d1d0544\" data-element_type=\"widget\" data-widget_type=\"heading.default\">\n\t\t\t\t<div class=\"elementor-widget-container\">\n\t\t\t<h4 class=\"elementor-heading-title elementor-size-default\">\u00bfQu\u00e9 son las cookies?<\/h4>\t\t<\/div>\n\t\t\t\t<\/div>\n\t\t\t\t<div class=\"elementor-element elementor-element-6d4290f elementor-widget elementor-widget-text-editor\" data-id=\"6d4290f\" data-element_type=\"widget\" data-widget_type=\"text-editor.default\">\n\t\t\t\t<div class=\"elementor-widget-container\">\n\t\t\t\t\t\t\t\t<div class=\"elementor-text-editor elementor-clearfix\">\n\t\t\t\t<p>Las <em>cookies<\/em> o galletas se utilizan desde hace m\u00e1s de 20 a\u00f1os, cuando aparecieron los primeros navegadores para la World Wide Web (www).<\/p><p>Consisten en un <span style=\"text-decoration: underline;\">archivo de texto que se guarda en su navegador<\/span> cuando visita una p\u00e1gina web que las usa (casi todas las webs actuales), con la finalidad de recordar su visita cuando vuelva a navegar por este mismo sitio web.<\/p><p>Estas, no suelen almacenar informaci\u00f3n sensible sobre usted, como tarjetas de cr\u00e9dito o datos bancarios, fotograf\u00edas, su DNI o informaci\u00f3n personal, etc.<\/p><p>Los datos que se guardan son de car\u00e1cter t\u00e9cnico, preferencias personales, personalizaci\u00f3n de contenidos, etc. <u>El servidor web no lo asocia a usted como persona sino en su navegador web.<\/u><\/p><p>De hecho, si usted navega habitualmente con Internet Explorer y prueba de navegar por la misma web con otro navegador c\u00f3mo Firefox o Chrome ver\u00e1 que la web no se da cuenta que usted es la misma persona ya que no est\u00e1 asociado\/a este.<\/p><p><strong>No son un virus, ni un troyano, ni un gusano, ni spam, ni spyware, ni abre ventanas pop-up.<\/strong><\/p>\t\t\t\t\t<\/div>\n\t\t\t\t\t\t<\/div>\n\t\t\t\t<\/div>\n\t\t\t\t<div class=\"elementor-element elementor-element-7e2b614 elementor-widget elementor-widget-heading\" data-id=\"7e2b614\" data-element_type=\"widget\" data-widget_type=\"heading.default\">\n\t\t\t\t<div class=\"elementor-widget-container\">\n\t\t\t<h4 class=\"elementor-heading-title elementor-size-default\">\u00bfQu\u00e9 tipo de cookies hay?<\/h4>\t\t<\/div>\n\t\t\t\t<\/div>\n\t\t\t\t<div class=\"elementor-element elementor-element-8c17879 elementor-widget elementor-widget-text-editor\" data-id=\"8c17879\" data-element_type=\"widget\" data-widget_type=\"text-editor.default\">\n\t\t\t\t<div class=\"elementor-widget-container\">\n\t\t\t\t\t\t\t\t<div class=\"elementor-text-editor elementor-clearfix\">\n\t\t\t\t<ul>\n \t<li><strong><em>Cookies <\/em><\/strong><strong>t\u00e9cnicas<\/strong>: Son las m\u00e1s elementales y permiten, entre otras cosas, saber cu\u00e1ndo est\u00e1 navegando un humano o una aplicaci\u00f3n automatizada, cuando navega un usuario an\u00f3nimo y un registrado, tareas b\u00e1sicas para el funcionamiento de cualquier sitio web din\u00e1mico.<\/li>\n<br>\n \t<li><strong><em>Cookies <\/em><\/strong><strong>de an\u00e1lisis<\/strong>: Recogen informaci\u00f3n sobre el tipo de navegaci\u00f3n que est\u00e1 realizando, las secciones que m\u00e1s utiliza, productos consultados, franja horaria de uso, idioma, etc.<\/li>\n<\/ul>\n<ul>\n \t<li><strong><em>Cookies <\/em><\/strong><strong>publicitarias<\/strong>: Muestran publicidad en funci\u00f3n de su navegaci\u00f3n, su pa\u00eds de procedencia, idioma, etc.<\/li>\n<\/ul>\t\t\t\t\t<\/div>\n\t\t\t\t\t\t<\/div>\n\t\t\t\t<\/div>\n\t\t\t\t<div class=\"elementor-element elementor-element-6ed5f28 elementor-widget elementor-widget-heading\" data-id=\"6ed5f28\" data-element_type=\"widget\" data-widget_type=\"heading.default\">\n\t\t\t\t<div class=\"elementor-widget-container\">\n\t\t\t<h4 class=\"elementor-heading-title elementor-size-default\">\u00bfQu\u00e9 son las cookies propias y de terceros?<\/h4>\t\t<\/div>\n\t\t\t\t<\/div>\n\t\t\t\t<div class=\"elementor-element elementor-element-9a27c63 elementor-widget elementor-widget-text-editor\" data-id=\"9a27c63\" data-element_type=\"widget\" data-widget_type=\"text-editor.default\">\n\t\t\t\t<div class=\"elementor-widget-container\">\n\t\t\t\t\t\t\t\t<div class=\"elementor-text-editor elementor-clearfix\">\n\t\t\t\t<p>Las <em>cookies<\/em> propias son las generadas por la p\u00e1gina que est\u00e1 visitando y las de terceros son las generadas por servicios o proveedores externos como Facebook, Twitter, Google, &#8230;<\/p>\t\t\t\t\t<\/div>\n\t\t\t\t\t\t<\/div>\n\t\t\t\t<\/div>\n\t\t\t\t<div class=\"elementor-element elementor-element-ed3442f elementor-widget elementor-widget-heading\" data-id=\"ed3442f\" data-element_type=\"widget\" data-widget_type=\"heading.default\">\n\t\t\t\t<div class=\"elementor-widget-container\">\n\t\t\t<h4 class=\"elementor-heading-title elementor-size-default\">\u00bfSe pueden eliminar las cookies?<\/h4>\t\t<\/div>\n\t\t\t\t<\/div>\n\t\t\t\t<div class=\"elementor-element elementor-element-3d0b697 elementor-widget elementor-widget-text-editor\" data-id=\"3d0b697\" data-element_type=\"widget\" data-widget_type=\"text-editor.default\">\n\t\t\t\t<div class=\"elementor-widget-container\">\n\t\t\t\t\t\t\t\t<div class=\"elementor-text-editor elementor-clearfix\">\n\t\t\t\t<p>S\u00ed. No s\u00f3lo <u>eliminar<\/u>, tambi\u00e9n <u>bloquear<\/u>, de forma general o particular para un dominio espec\u00edfico.<\/p>\t\t\t\t\t<\/div>\n\t\t\t\t\t\t<\/div>\n\t\t\t\t<\/div>\n\t\t\t\t<div class=\"elementor-element elementor-element-cf3fd5a elementor-widget elementor-widget-heading\" data-id=\"cf3fd5a\" data-element_type=\"widget\" data-widget_type=\"heading.default\">\n\t\t\t\t<div class=\"elementor-widget-container\">\n\t\t\t<h4 class=\"elementor-heading-title elementor-size-default\">\u00bfQu\u00e9 pasa si bloqueA las cookies?<\/h4>\t\t<\/div>\n\t\t\t\t<\/div>\n\t\t\t\t<div class=\"elementor-element elementor-element-529df1c elementor-widget elementor-widget-text-editor\" data-id=\"529df1c\" data-element_type=\"widget\" data-widget_type=\"text-editor.default\">\n\t\t\t\t<div class=\"elementor-widget-container\">\n\t\t\t\t\t\t\t\t<div class=\"elementor-text-editor elementor-clearfix\">\n\t\t\t\t<p>En caso de bloquear su uso, es posible que algunos servicios del web dejen de funcionar debidamente.<\/p><p>Para que lo entienda mejor, le mostramos algunos ejemplos:<\/p><ul><li>No podr\u00e1 compartir contenidos de el web en Facebook, Twitter o cualquier otra red social.<\/li><li>El sitio web no podr\u00eda adaptar los contenidos a sus preferencias personales, como suele ocurrir en las tiendas en l\u00ednea.<\/li><li>No podr\u00eda acceder al \u00e1rea personal de la web, como por ejemplo Mi cuenta, o Mi perfil o Mis pedidos.<\/li><li>En una tienda online, le ser\u00e1 imposible realizar compras en l\u00ednea, deber\u00e1n ser telef\u00f3nicas o visitando la tienda f\u00edsica si es que la tienen.<\/li><li>No seria posible personalizar sus preferencias geogr\u00e1ficas como franja horaria, divisa o idioma.<\/li><li>El sitio web no podr\u00eda realizar anal\u00edticas web sobre visitantes y tr\u00e1fico en la web, esto dificultar\u00e1 que la web sea competitiva.<\/li><li>No podr\u00eda escribir en el blog, no podr\u00eda subir im\u00e1genes, publicar comentarios, valorar o puntuar contenidos. La web tampoco podr\u00eda saber si usted es un humano o una aplicaci\u00f3n automatizada que publica spam.<\/li><li>Todas las redes sociales hacen uso de <em>cookies<\/em>, si las desactiva, no podr\u00eda utilizar ninguna red social.<\/li><\/ul>\t\t\t\t\t<\/div>\n\t\t\t\t\t\t<\/div>\n\t\t\t\t<\/div>\n\t\t\t\t<div class=\"elementor-element elementor-element-af230fa elementor-widget elementor-widget-heading\" data-id=\"af230fa\" data-element_type=\"widget\" data-widget_type=\"heading.default\">\n\t\t\t\t<div class=\"elementor-widget-container\">\n\t\t\t<h4 class=\"elementor-heading-title elementor-size-default\">\u00bfCu\u00e1nto tiempo permanecer\u00e1n las cookies en mi dispositivo?<\/h4>\t\t<\/div>\n\t\t\t\t<\/div>\n\t\t\t\t<div class=\"elementor-element elementor-element-54f9d9c elementor-widget elementor-widget-text-editor\" data-id=\"54f9d9c\" data-element_type=\"widget\" data-widget_type=\"text-editor.default\">\n\t\t\t\t<div class=\"elementor-widget-container\">\n\t\t\t\t\t\t\t\t<div class=\"elementor-text-editor elementor-clearfix\">\n\t\t\t\t<p>El per\u00edodo de tiempo que una <em>cookie<\/em> permanece en su computadora o dispositivo m\u00f3vil depende de si es una <em>cookie<\/em> &#8220;persistente&#8221; o de &#8220;sesi\u00f3n&#8221;.\u00a0Las <em>cookies<\/em> de sesi\u00f3n duran hasta que deja de navegar y las cookies persistentes duran hasta que caduquen o se eliminen.<\/p><p>La mayor\u00eda de las <em>cookies<\/em> que utilizamos son persistentes y caducar\u00e1n entre 30 minutos y dos a\u00f1os a partir de la fecha de descarga en su dispositivo. Consulte la secci\u00f3n a continuaci\u00f3n sobre c\u00f3mo administrar las <em>cookies<\/em> para obtener m\u00e1s informaci\u00f3n sobre c\u00f3mo eliminarlas antes de que caduquen.<\/p>\t\t\t\t\t<\/div>\n\t\t\t\t\t\t<\/div>\n\t\t\t\t<\/div>\n\t\t\t\t<div class=\"elementor-element elementor-element-bf5eb1a elementor-widget elementor-widget-heading\" data-id=\"bf5eb1a\" data-element_type=\"widget\" data-widget_type=\"heading.default\">\n\t\t\t\t<div class=\"elementor-widget-container\">\n\t\t\t<h4 class=\"elementor-heading-title elementor-size-default\">\u00bfC\u00f3mo eliminar o bloquear las cookies?<\/h4>\t\t<\/div>\n\t\t\t\t<\/div>\n\t\t\t\t<div class=\"elementor-element elementor-element-85882c6 elementor-widget elementor-widget-text-editor\" data-id=\"85882c6\" data-element_type=\"widget\" data-widget_type=\"text-editor.default\">\n\t\t\t\t<div class=\"elementor-widget-container\">\n\t\t\t\t\t\t\t\t<div class=\"elementor-text-editor elementor-clearfix\">\n\t\t\t\t<p>La mayor\u00eda de los navegadores aceptan autom\u00e1ticamente las cookies, pero puede elegir si acepta o no las <em>cookies<\/em> a trav\u00e9s de los controles de su <strong>navegador <\/strong>(Firefox, Internet Explorer, Chrome, Safari, \u2026), que a menudo se encuentran en el men\u00fa &#8220;Herramientas&#8221; o &#8220;Preferencias&#8221; de este.<\/p><p>Para obtener m\u00e1s informaci\u00f3n sobre c\u00f3mo modificar la configuraci\u00f3n de su navegador o c\u00f3mo bloquear, administrar o filtrar las cookies, puede encontrarlas en el archivo de ayuda de su navegador.<\/p>\t\t\t\t\t<\/div>\n\t\t\t\t\t\t<\/div>\n\t\t\t\t<\/div>\n\t\t\t\t<div class=\"elementor-element elementor-element-ee1b7e1 elementor-widget elementor-widget-heading\" data-id=\"ee1b7e1\" data-element_type=\"widget\" data-widget_type=\"heading.default\">\n\t\t\t\t<div class=\"elementor-widget-container\">\n\t\t\t<h4 class=\"elementor-heading-title elementor-size-default\">Configuraci\u00f3n de cookies para los navegadores m\u00e1s populares<\/h4>\t\t<\/div>\n\t\t\t\t<\/div>\n\t\t\t\t<div class=\"elementor-element elementor-element-7cc6c9d elementor-widget elementor-widget-text-editor\" data-id=\"7cc6c9d\" data-element_type=\"widget\" data-widget_type=\"text-editor.default\">\n\t\t\t\t<div class=\"elementor-widget-container\">\n\t\t\t\t\t\t\t\t<div class=\"elementor-text-editor elementor-clearfix\">\n\t\t\t\t<strong>Firefox<\/strong>\n<ol class=\"number\">\n \t<li>Vaya a Opciones o Preferencias seg\u00fan su sistema operativo.<\/li>\n \t<li>Haga clic en Privacidad.<\/li>\n \t<li>En Hist\u00f3rico elija Usar una configuraci\u00f3n personalizada para el historial.<\/li>\n \t<li>Ahora ver\u00e1 la opci\u00f3n Aceptar cookies, puede activarla o desactivarla seg\u00fan sus preferencias.<\/li>\n<\/ol>\n<strong>Internet Explorer<\/strong>\n<ol class=\"number\">\n \t<li>Vaya a Herramientas, Opciones de Internet<\/li>\n \t<li>Haga clic en Privacidad.<\/li>\n \t<li>Mueva el desplegable hasta ajustar el nivel de privacidad que desee.<\/li>\n<\/ol>\n<strong>Chrome<\/strong>\n<ol class=\"number\">\n \t<li>Vaya a Configuraci\u00f3n o Preferencias mediante el men\u00fa Archivo o bien pulsando el icono de personalizaci\u00f3n que aparece arriba a la derecha.<\/li>\n \t<li>Ver\u00e1 diferentes secciones, elija la opci\u00f3n Mostrar opciones avanzadas.<\/li>\n \t<li>Vaya a Privacidad, Configuraci\u00f3n de contenido.<\/li>\n \t<li>Seleccione Todas las cookies y los datos de lugares.<\/li>\n \t<li>Aparecer\u00e1 un listado con todas las cookies ordenadas por dominio. Para que le sea m\u00e1s f\u00e1cil encontrar las galletas de un determinado dominio introduzca parcial o totalmente la direcci\u00f3n en el campo Buscar cookies.<\/li>\n \t<li>Una vez realizado este filtro aparecer\u00e1n en pantalla una o varias l\u00edneas con las galletas de la web solicitada. Ahora s\u00f3lo tiene que seleccionarla y pulsar la X para proceder a su Eliminaci\u00f3n<\/li>\n<\/ol>\n<strong>Safari para OSX<\/strong>\n<ol class=\"number\">\n \t<li>Vaya a Preferencias, despu\u00e9s Privacidad.<\/li>\n \t<li>En este lugar ver\u00e1 la opci\u00f3n Bloquear galletas para que ajuste el tipo de bloqueo que desee realizar.<\/li>\n<\/ol>\n<strong>Safari para iOS<\/strong>\n<ol class=\"number\">\n \t<li>Vaya a Configuraci\u00f3n, luego Safari.<\/li>\n \t<li>Vaya a Privacidad y Seguridad, ver\u00e1 la opci\u00f3n Bloquear galletas para que ajuste el tipo de bloqueo que desee realizar.<\/li>\n<\/ol>\n<strong>Navegador para dispositivos Android<\/strong>\n<ol class=\"number\">\n \t<li>Vaya al navegador y pulse la tecla Men\u00fa, luego Configuraci\u00f3n.<\/li>\n \t<li>Vaya a Confidencialidad, ver\u00e1 la opci\u00f3n Aceptar cookies para que active o desactive la casilla.<\/li>\n<\/ol>\n<strong>Navegador para dispositivos Windows Phone<\/strong>\n<ol class=\"number\">\n \t<li>Vaya a Internet Explorer, pulse en M\u00e1s, y luego en Configuraci\u00f3n<\/li>\n \t<li>Ahora puede activar o desactivar la casilla permitir cookies.<\/li>\n<\/ol>\nNota: Todos estos pasos pueden variar en funci\u00f3n de la versi\u00f3n de cada navegador.\t\t\t\t\t<\/div>\n\t\t\t\t\t\t<\/div>\n\t\t\t\t<\/div>\n\t\t\t\t<div class=\"elementor-element elementor-element-9ad2c65 elementor-widget elementor-widget-heading\" data-id=\"9ad2c65\" data-element_type=\"widget\" data-widget_type=\"heading.default\">\n\t\t\t\t<div class=\"elementor-widget-container\">\n\t\t\t<h4 class=\"elementor-heading-title elementor-size-default\">\u00bfQu\u00e9 tipos de cookies pueden encontrar en nuestra web?<\/h4>\t\t<\/div>\n\t\t\t\t<\/div>\n\t\t\t\t<div class=\"elementor-element elementor-element-0a5df94 elementor-widget elementor-widget-text-editor\" data-id=\"0a5df94\" data-element_type=\"widget\" data-widget_type=\"text-editor.default\">\n\t\t\t\t<div class=\"elementor-widget-container\">\n\t\t\t\t\t\t\t\t<div class=\"elementor-text-editor elementor-clearfix\">\n\t\t\t\t<p>Ahora que usted ya sabe que son las <em>cookies<\/em>, para que sirven y como administrarlas, le indicamos <strong>que tipos podemos utilizar en nuestra p\u00e1gina web<\/strong>:<\/p><ul><li><strong>Cookies de seguridad<\/strong>: Centradas en el usuario para detectar abusos de autenticaci\u00f3n por una duraci\u00f3n persistente limitada, como intentos repetidos de inicio de sesi\u00f3n fallidos. Estas cookies est\u00e1n configuradas para la tarea espec\u00edfica de aumentar la seguridad del servicio.<\/li><\/ul><ul><li><strong>Las cookies de sesi\u00f3n del reproductor de contenido multimedia (cookies flash)<\/strong>: Se utilizan durante la sesi\u00f3n para almacenar datos t\u00e9cnicos necesarios para reproducir contenido de video o audio (por ejemplo, calidad de imagen, velocidad de enlace de red y par\u00e1metros de almacenamiento en b\u00fafer).<\/li><\/ul><ul><li><strong>Las cookies de sesi\u00f3n de equilibrio de carga:<\/strong> Se utilizan durante la sesi\u00f3n para identificar el mismo servidor en el grupo para que el equilibrador de carga redirija las solicitudes de los usuarios de manera adecuada.<\/li><\/ul><ul><li><strong>Las cookies persistentes de personalizaci\u00f3n de la interfaz de usuario:<\/strong> Se utilizan para almacenar las preferencias de un usuario con respecto a un servicio en todas las p\u00e1ginas web.<\/li><\/ul><ul><li><strong>Cookies de informes y an\u00e1lisis:<\/strong> Para recopilar informaci\u00f3n sobre c\u00f3mo utiliza nuestro sitio web o los escaparates de nuestros comerciantes, y con qu\u00e9 frecuencia. Estas cookies solo recopilan informaci\u00f3n con fines estad\u00edsticos y solo utilizan identificadores de cookies seud\u00f3nimos que no lo identifican directamente.<\/li><\/ul><p><strong>\u00a0<\/strong><\/p><p><strong>Adem\u00e1s, las cookies de rendimiento que podemos utilizar incluyen:<\/strong><\/p><ul><li><strong><em>Cookies<\/em> de an\u00e1lisis de origen<\/strong>: utilizamos estas cookies para estimar la cantidad de visitantes \u00fanicos, para mejorar nuestros sitios web y los sitios web de nuestros comerciantes, y para detectar las palabras m\u00e1s buscadas en los motores de b\u00fasqueda que conducen a una p\u00e1gina web. Estas cookies no se utilizan para apuntarle con marketing en l\u00ednea. Usamos estas cookies para saber c\u00f3mo funcionan nuestros sitios web y los sitios web de nuestros comerciantes y realizar mejoras relevantes para mejorar su experiencia de navegaci\u00f3n.<\/li><\/ul><ul><li><strong><em>Cookies<\/em> de an\u00e1lisis de terceros<\/strong>: tambi\u00e9n utilizamos <strong>Google Analytics<\/strong> y otros proveedores de an\u00e1lisis de terceros enumerados a continuaci\u00f3n para ayudar a medir c\u00f3mo los usuarios interact\u00faan con el contenido de nuestro sitio web. Estas cookies &#8220;recuerdan&#8221; lo que nuestros usuarios han hecho en p\u00e1ginas anteriores y c\u00f3mo han interactuado con el sitio web. Para obtener m\u00e1s informaci\u00f3n sobre <strong>Google Analytics<\/strong>, visite la p\u00e1gina de informaci\u00f3n de Google. Para obtener instrucciones sobre c\u00f3mo darse de baja de Google Analytics, consulte <a href=\"https:\/\/tools.google.com\/dlpage\/gaoptout?hl=es\">aqu\u00ed.<\/a><\/li><\/ul><ul><li><strong><em>Cookies<\/em> publicitarias:<\/strong> Se utilizan en nuestro sitio web para personalizar el marketing para usted y sus intereses y brindarle un servicio m\u00e1s personalizado en el futuro. Estas cookies recuerdan que usted visit\u00f3 nuestro sitio web y podemos compartir esta informaci\u00f3n con terceros, como los anunciantes. Aunque estas cookies pueden rastrear las visitas de su dispositivo a nuestro sitio web y otros sitios, en general no pueden identificarlo personalmente. Sin estas cookies, los anuncios que ve pueden ser menos relevantes e interesantes para usted. Lea m\u00e1s sobre c\u00f3mo las empresas usan cookies para realizar publicidad dirigida o reorientada aqu\u00ed. No establecemos cookies publicitarias a trav\u00e9s de los escaparates de nuestros comerciantes, aunque los comerciantes pueden optar por hacerlo de forma independiente.<\/li><\/ul><ul><li><strong><em>Cookies<\/em> sociales y de contenido<\/strong>: Se colocan en muchos complementos de redes sociales (por ejemplo, el bot\u00f3n &#8220;me gusta&#8221; de Facebook) y otras herramientas destinadas a proporcionar o mejorar el contenido de un sitio web (por ejemplo, servicios que permiten la reproducci\u00f3n de archivos de video, o que crean secciones de comentarios).\u00a0Integramos estos m\u00f3dulos en nuestra plataforma para mejorar la experiencia de navegar e interactuar con nuestros sitios web.\u00a0Tenga en cuenta que algunos de estos servicios de terceros colocan cookies que tambi\u00e9n se utilizan para cosas como publicidad conductual, an\u00e1lisis y \/ o investigaci\u00f3n de mercado.<\/li><\/ul>\t\t\t\t\t<\/div>\n\t\t\t\t\t\t<\/div>\n\t\t\t\t<\/div>\n\t\t\t\t\t\t<\/div>\n\t\t\t\t\t<\/div>\n\t\t<\/div>\n\t\t\t\t\t\t\t\t<\/div>\n\t\t\t\t\t<\/div>\n\t\t<\/section>\n\t\t\t\t\t\t\t\t\t<\/div>\n\t\t\t<\/div>\n\t\t\t\t\t<\/div>\n\t\t","protected":false},"excerpt":{"rendered":"<p>De acuerdo con la normativa vigente, Forn Ricardera S.L. facilita la informaci\u00f3n sobre el uso de cookies en su p\u00e1gina web, al tiempo que solicita consentimiento por parte del usuario para usarlas. As\u00ed mismo, tambi\u00e9n se reserva el derecho de modificar la presente Pol\u00edtica de cookies como consecuencia de un cambio legislativo, jurisprudencial o de &hellip;<\/p>\n<p class=\"read-more\"> <a class=\"\" href=\"https:\/\/fornricardera.com\/ca\/politica-de-cookies\/\"> <span class=\"screen-reader-text\">Pol\u00edtica de Cookies<\/span> Read More \u00bb<\/a><\/p>\n","protected":false},"author":1,"featured_media":0,"parent":0,"menu_order":0,"comment_status":"closed","ping_status":"closed","template":"","meta":{"_monsterinsights_skip_tracking":false,"_monsterinsights_sitenote_active":false,"_monsterinsights_sitenote_note":"","_monsterinsights_sitenote_category":0,"site-sidebar-layout":"no-sidebar","site-content-layout":"page-builder","ast-global-header-display":"","ast-main-header-display":"","ast-hfb-above-header-display":"","ast-hfb-below-header-display":"","ast-hfb-mobile-header-display":"","site-post-title":"disabled","ast-breadcrumbs-content":"","ast-featured-img":"disabled","footer-sml-layout":"","theme-transparent-header-meta":"default","adv-header-id-meta":"","stick-header-meta":"default","header-above-stick-meta":"","header-main-stick-meta":"","header-below-stick-meta":""},"_links":{"self":[{"href":"https:\/\/fornricardera.com\/ca\/wp-json\/wp\/v2\/pages\/1809"}],"collection":[{"href":"https:\/\/fornricardera.com\/ca\/wp-json\/wp\/v2\/pages"}],"about":[{"href":"https:\/\/fornricardera.com\/ca\/wp-json\/wp\/v2\/types\/page"}],"author":[{"embeddable":true,"href":"https:\/\/fornricardera.com\/ca\/wp-json\/wp\/v2\/users\/1"}],"replies":[{"embeddable":true,"href":"https:\/\/fornricardera.com\/ca\/wp-json\/wp\/v2\/comments?post=1809"}],"version-history":[{"count":9,"href":"https:\/\/fornricardera.com\/ca\/wp-json\/wp\/v2\/pages\/1809\/revisions"}],"predecessor-version":[{"id":1850,"href":"https:\/\/fornricardera.com\/ca\/wp-json\/wp\/v2\/pages\/1809\/revisions\/1850"}],"wp:attachment":[{"href":"https:\/\/fornricardera.com\/ca\/wp-json\/wp\/v2\/media?parent=1809"}],"curies":[{"name":"wp","href":"https:\/\/api.w.org\/{rel}","templated":true}]}}