{"id":1549,"date":"2020-04-18T15:24:40","date_gmt":"2020-04-18T15:24:40","guid":{"rendered":"https:\/\/fornricardera.com\/producto\/galetes-de-xocolata\/"},"modified":"2020-04-27T11:56:04","modified_gmt":"2020-04-27T11:56:04","slug":"galetes-de-xocolata","status":"publish","type":"product","link":"https:\/\/fornricardera.com\/ca\/producto\/galetes-de-xocolata\/","title":{"rendered":"Galetes de xocolata"},"content":{"rendered":"","protected":false},"excerpt":{"rendered":"<h4>Ingredients<\/h4>\n<p>Mid\u00f3 de blat de moro, xocolata (20%) (grassa vegetal parcialment hidrogenada (nou de coco i palmist), pasta de cacau, mantega de cacau, <strong>pasta d\u2019avellanes<\/strong>, emulgent (<strong>lecitina de soja<\/strong>) i <strong>llet), ous,<\/strong> sucre, mantega (<strong>nata pasteuritzada<\/strong> i <strong>ferments l\u00e0ctics<\/strong>), farina de blat de moro, gasificant (bicarbonat s\u00f3dic), antioxidant (\u00e0cid c\u00edtric), sal i gelificants (goma guar i goma xantana).<\/p>\n<h4>Al\u00b7l\u00e8rgens<\/h4>\n<p><strong>Cont\u00e9 ou, soja, llet i avellanes i pot contenir traces d&#8217;altres fruits secs.<br \/>\n<\/strong><\/p>\n<h4>Format<\/h4>\n<ul>\n<li style=\"margin-left: -25px;\">Bossa termosellada de pl\u00e0stic alimentari.<\/li>\n<li style=\"margin-left: -25px;\">Pes: 200g<\/li>\n<li style=\"margin-left: -25px;\">Presentaci\u00f3: producte a granel<\/li>\n<li style=\"margin-left: -25px;\">Vida \u00fatil: 90 dies<\/li>\n<\/ul>\n","protected":false},"featured_media":1430,"comment_status":"open","ping_status":"closed","template":"","meta":{"_monsterinsights_skip_tracking":false,"_monsterinsights_sitenote_active":false,"_monsterinsights_sitenote_note":"","_monsterinsights_sitenote_category":0,"site-sidebar-layout":"default","site-content-layout":"default","ast-global-header-display":"","ast-main-header-display":"","ast-hfb-above-header-display":"","ast-hfb-below-header-display":"","ast-hfb-mobile-header-display":"","site-post-title":"","ast-breadcrumbs-content":"","ast-featured-img":"","footer-sml-layout":"","theme-transparent-header-meta":"","adv-header-id-meta":"","stick-header-meta":"","header-above-stick-meta":"","header-main-stick-meta":"","header-below-stick-meta":""},"_links":{"self":[{"href":"https:\/\/fornricardera.com\/ca\/wp-json\/wp\/v2\/product\/1549"}],"collection":[{"href":"https:\/\/fornricardera.com\/ca\/wp-json\/wp\/v2\/product"}],"about":[{"href":"https:\/\/fornricardera.com\/ca\/wp-json\/wp\/v2\/types\/product"}],"replies":[{"embeddable":true,"href":"https:\/\/fornricardera.com\/ca\/wp-json\/wp\/v2\/comments?post=1549"}],"version-history":[{"count":1,"href":"https:\/\/fornricardera.com\/ca\/wp-json\/wp\/v2\/product\/1549\/revisions"}],"predecessor-version":[{"id":1552,"href":"https:\/\/fornricardera.com\/ca\/wp-json\/wp\/v2\/product\/1549\/revisions\/1552"}],"wp:featuredmedia":[{"embeddable":true,"href":"https:\/\/fornricardera.com\/ca\/wp-json\/wp\/v2\/media\/1430"}],"wp:attachment":[{"href":"https:\/\/fornricardera.com\/ca\/wp-json\/wp\/v2\/media?parent=1549"}],"curies":[{"name":"wp","href":"https:\/\/api.w.org\/{rel}","templated":true}]}}