{"id":1591,"date":"2020-04-18T10:45:22","date_gmt":"2020-04-18T10:45:22","guid":{"rendered":"https:\/\/fornricardera.com\/producto\/magdalenes-petites-de-xoco\/"},"modified":"2020-04-27T14:14:01","modified_gmt":"2020-04-27T14:14:01","slug":"magdalenes-petites-de-xoco","status":"publish","type":"product","link":"https:\/\/fornricardera.com\/ca\/producto\/magdalenes-petites-de-xoco\/","title":{"rendered":"Magdalenes petites de xoco"},"content":{"rendered":"","protected":false},"excerpt":{"rendered":"<h4>Ingredients<\/h4>\n<p><strong>Ous,<\/strong> sucre, oli de gira-sol, xocolata (9,5%) (pasta de cacau, mantega de cacau, grassa vegetal (gira-sol), cacau desgreixat en pols (11,5%), grassa vegetal totalment hidrogenada (nou de coco i palmist) en proporcions variables, <strong>pasta d\u2019avellana<\/strong> (7,0% ), <strong>llet desnatada en pols<\/strong> (3,0%) i emulgent (<strong>lecitina de soja<\/strong>)), mid\u00f3 de blat de moro, <strong>llet<\/strong>, <strong>llet en pols<\/strong>, <strong>ferments l\u00e0ctics<\/strong>, f\u00e8cula de patata, farina d\u2019arr\u00f2s, gasificant (bicarbonat s\u00f2dic), sal, gelificant (goma xantana), antioxidant (\u00e0cid c\u00edtric), emulgents (E471 i E472e) i aromes.<\/p>\n<h4>Al\u00e9rgenos<\/h4>\n<p><strong>Cont\u00e9 ou, soja, llet i avellanes i pot contenir traces d&#8217;altres fruits secs.<br \/>\n<\/strong><\/p>\n<h4>Format<\/h4>\n<ul>\n<li style=\"margin-left: -25px;\">Env\u00e0s termoformat amb atmosfera protectora.<\/li>\n<li style=\"margin-left: -25px;\">Pes: 135g<\/li>\n<li style=\"margin-left: -25px;\">Presentaci\u00f3: 6u<\/li>\n<li style=\"margin-left: -25px;\">Vida \u00fatil: 60 dies<\/li>\n<\/ul>\n","protected":false},"featured_media":1443,"comment_status":"open","ping_status":"closed","template":"","meta":{"_monsterinsights_skip_tracking":false,"_monsterinsights_sitenote_active":false,"_monsterinsights_sitenote_note":"","_monsterinsights_sitenote_category":0,"site-sidebar-layout":"default","site-content-layout":"default","ast-global-header-display":"","ast-main-header-display":"","ast-hfb-above-header-display":"","ast-hfb-below-header-display":"","ast-hfb-mobile-header-display":"","site-post-title":"","ast-breadcrumbs-content":"","ast-featured-img":"","footer-sml-layout":"","theme-transparent-header-meta":"","adv-header-id-meta":"","stick-header-meta":"","header-above-stick-meta":"","header-main-stick-meta":"","header-below-stick-meta":""},"_links":{"self":[{"href":"https:\/\/fornricardera.com\/ca\/wp-json\/wp\/v2\/product\/1591"}],"collection":[{"href":"https:\/\/fornricardera.com\/ca\/wp-json\/wp\/v2\/product"}],"about":[{"href":"https:\/\/fornricardera.com\/ca\/wp-json\/wp\/v2\/types\/product"}],"replies":[{"embeddable":true,"href":"https:\/\/fornricardera.com\/ca\/wp-json\/wp\/v2\/comments?post=1591"}],"version-history":[{"count":1,"href":"https:\/\/fornricardera.com\/ca\/wp-json\/wp\/v2\/product\/1591\/revisions"}],"predecessor-version":[{"id":1594,"href":"https:\/\/fornricardera.com\/ca\/wp-json\/wp\/v2\/product\/1591\/revisions\/1594"}],"wp:featuredmedia":[{"embeddable":true,"href":"https:\/\/fornricardera.com\/ca\/wp-json\/wp\/v2\/media\/1443"}],"wp:attachment":[{"href":"https:\/\/fornricardera.com\/ca\/wp-json\/wp\/v2\/media?parent=1591"}],"curies":[{"name":"wp","href":"https:\/\/api.w.org\/{rel}","templated":true}]}}