{"id":1593,"date":"2020-04-18T10:40:41","date_gmt":"2020-04-18T10:40:41","guid":{"rendered":"https:\/\/fornricardera.com\/producto\/magdalenes-petites\/"},"modified":"2020-04-18T10:40:41","modified_gmt":"2020-04-18T10:40:41","slug":"magdalenes-petites","status":"publish","type":"product","link":"https:\/\/fornricardera.com\/ca\/producto\/magdalenes-petites\/","title":{"rendered":"Magdalenes petites"},"content":{"rendered":"","protected":false},"excerpt":{"rendered":"<h4>Ingredients<\/h4>\n<p><strong>Ous,<\/strong> oli de gira-sol, sucre, mid\u00f3 de blat de moro, f\u00e9cula de patata, farina d\u2019arr\u00f2s, gasificant (bicarbonat s\u00f2dic), antioxidant (\u00e0cid c\u00edtric), aromes, gelificant (goma xantana), emulgents (E472e i E471) i sal.<\/p>\n<h4>Al\u00b7l\u00e8rgens<\/h4>\n<p><strong>Cont\u00e9 ou.<br \/>\n<\/strong><\/p>\n<h4>Format<\/h4>\n<ul>\n<li style=\"margin-left: -25px;\">Env\u00e0s termoformat amb atmosfera protectora.<\/li>\n<li style=\"margin-left: -25px;\">Pes: 130g<\/li>\n<li style=\"margin-left: -25px;\">Presentaci\u00f3: 6u<\/li>\n<li style=\"margin-left: -25px;\">Vida \u00fatil: 60 dies<\/li>\n<\/ul>\n","protected":false},"featured_media":1442,"comment_status":"open","ping_status":"closed","template":"","meta":{"_monsterinsights_skip_tracking":false,"_monsterinsights_sitenote_active":false,"_monsterinsights_sitenote_note":"","_monsterinsights_sitenote_category":0,"site-sidebar-layout":"default","site-content-layout":"default","ast-global-header-display":"","ast-main-header-display":"","ast-hfb-above-header-display":"","ast-hfb-below-header-display":"","ast-hfb-mobile-header-display":"","site-post-title":"","ast-breadcrumbs-content":"","ast-featured-img":"","footer-sml-layout":"","theme-transparent-header-meta":"","adv-header-id-meta":"","stick-header-meta":"","header-above-stick-meta":"","header-main-stick-meta":"","header-below-stick-meta":""},"_links":{"self":[{"href":"https:\/\/fornricardera.com\/ca\/wp-json\/wp\/v2\/product\/1593"}],"collection":[{"href":"https:\/\/fornricardera.com\/ca\/wp-json\/wp\/v2\/product"}],"about":[{"href":"https:\/\/fornricardera.com\/ca\/wp-json\/wp\/v2\/types\/product"}],"replies":[{"embeddable":true,"href":"https:\/\/fornricardera.com\/ca\/wp-json\/wp\/v2\/comments?post=1593"}],"version-history":[{"count":0,"href":"https:\/\/fornricardera.com\/ca\/wp-json\/wp\/v2\/product\/1593\/revisions"}],"wp:featuredmedia":[{"embeddable":true,"href":"https:\/\/fornricardera.com\/ca\/wp-json\/wp\/v2\/media\/1442"}],"wp:attachment":[{"href":"https:\/\/fornricardera.com\/ca\/wp-json\/wp\/v2\/media?parent=1593"}],"curies":[{"name":"wp","href":"https:\/\/api.w.org\/{rel}","templated":true}]}}