{"id":1665,"date":"2020-04-17T19:27:51","date_gmt":"2020-04-17T19:27:51","guid":{"rendered":"https:\/\/fornricardera.com\/producto\/pa-de-motlle-de-cereals-520g\/"},"modified":"2020-04-17T19:27:51","modified_gmt":"2020-04-17T19:27:51","slug":"pa-de-motlle-de-cereals-520g","status":"publish","type":"product","link":"https:\/\/fornricardera.com\/ca\/producto\/pa-de-motlle-de-cereals-520g\/","title":{"rendered":"Pa de motlle de cereals 520g"},"content":{"rendered":"","protected":false},"excerpt":{"rendered":"<h4>Ingredients<\/h4>\n<p>Aigua, mid\u00f3 de blat de moro, mid\u00f3 d\u2019arr\u00f2s, farina de blat de moro, flocs de civada, farina de civada, farina de teff, ll\u00ed marr\u00f3, sucre, gelificants (goma xantana i goma guar), llevat, farina d\u2019arr\u00f2s, sal, olis vegetals (d\u2019oliva i gira-sol), vinagre de poma, emulgents (E471, E472e i lecitina de gira-sol) i conservant (\u00e0cid s\u00f2rbic).<\/p>\n<h4>Al\u00b7l\u00e8rgens<\/h4>\n<p><strong>No en cont\u00e9.<br \/>\n<\/strong><\/p>\n<h4>Format<\/h4>\n<ul>\n<li style=\"margin-left: -25px;\">Env\u00e0s termoformat amb atmosfera protectora.<\/li>\n<li style=\"margin-left: -25px;\">Pes: 520g<\/li>\n<li style=\"margin-left: -25px;\">Presentaci\u00f3: 1\/2u + 1\/2u<\/li>\n<li style=\"margin-left: -25px;\">Vida \u00fatil: 60 dies<\/li>\n<\/ul>\n","protected":false},"featured_media":1410,"comment_status":"open","ping_status":"closed","template":"","meta":{"_monsterinsights_skip_tracking":false,"_monsterinsights_sitenote_active":false,"_monsterinsights_sitenote_note":"","_monsterinsights_sitenote_category":0,"site-sidebar-layout":"default","site-content-layout":"default","ast-global-header-display":"","ast-main-header-display":"","ast-hfb-above-header-display":"","ast-hfb-below-header-display":"","ast-hfb-mobile-header-display":"","site-post-title":"","ast-breadcrumbs-content":"","ast-featured-img":"","footer-sml-layout":"","theme-transparent-header-meta":"","adv-header-id-meta":"","stick-header-meta":"","header-above-stick-meta":"","header-main-stick-meta":"","header-below-stick-meta":""},"_links":{"self":[{"href":"https:\/\/fornricardera.com\/ca\/wp-json\/wp\/v2\/product\/1665"}],"collection":[{"href":"https:\/\/fornricardera.com\/ca\/wp-json\/wp\/v2\/product"}],"about":[{"href":"https:\/\/fornricardera.com\/ca\/wp-json\/wp\/v2\/types\/product"}],"replies":[{"embeddable":true,"href":"https:\/\/fornricardera.com\/ca\/wp-json\/wp\/v2\/comments?post=1665"}],"version-history":[{"count":0,"href":"https:\/\/fornricardera.com\/ca\/wp-json\/wp\/v2\/product\/1665\/revisions"}],"wp:featuredmedia":[{"embeddable":true,"href":"https:\/\/fornricardera.com\/ca\/wp-json\/wp\/v2\/media\/1410"}],"wp:attachment":[{"href":"https:\/\/fornricardera.com\/ca\/wp-json\/wp\/v2\/media?parent=1665"}],"curies":[{"name":"wp","href":"https:\/\/api.w.org\/{rel}","templated":true}]}}