{"id":2459,"date":"2020-11-13T13:31:53","date_gmt":"2020-11-13T13:31:53","guid":{"rendered":"https:\/\/fornricardera.com\/producto\/tronc-de-nadal-de-nata\/"},"modified":"2020-11-13T14:56:47","modified_gmt":"2020-11-13T14:56:47","slug":"tronc-de-nadal-de-nata","status":"publish","type":"product","link":"https:\/\/fornricardera.com\/ca\/producto\/tronc-de-nadal-de-nata\/","title":{"rendered":"Tronc de Nadal de nata"},"content":{"rendered":"","protected":false},"excerpt":{"rendered":"<h4>Ingredients<\/h4>\n<p><strong>Ous,<\/strong> mid\u00f3 de blat de moro, <strong>nata<\/strong> (45%) (llet, estabilitzant (E-407), dextrosa, gelatina i mid\u00f3 modificat de patata), sucre, farina de blat de moro, crema de cacau (greixos vegetals (palma i gira-sol), greixos vegetals totalment hidrogenats (nou de coco i palmist en proporcions variables), greix vegetal parcialment hidrogenat (palmist), cacau desgreixat en pols (15-18%), <strong>s\u00e8rum de llet en pols<\/strong>, pasta de cacau, mantega de cacau, emulgents (<strong>lecitina de soja<\/strong>, E-322, E-472c i E-492), aromes i colorant (E-172)), sucre invertit, gasificant (bicarbonat s\u00f2dic), gelificant (goma xantana), antioxidant (\u00e0cid c\u00edtric), sal i conservant (\u00e0cid s\u00f2rbic).<\/p>\n<h4>Al\u00b7l\u00e8rgens<\/h4>\n<p><strong>Cont\u00e9 ou, llet i soja i pot contenir traces de fruits secs.<br \/><\/strong><\/p>\n<h4>Formats<\/h4>\n<p>Troncs dins d&#8217;una caixa amb base de cartr\u00f3 i tapa transparent.<\/p>\n<table>\n<tbody>\n<tr>\n<td>\n<h5>Refrigerat<\/h5>\n<ul>\n<li>Pes: 600g<\/li>\n<li>Presentaci\u00f3: 2u<\/li>\n<li>Vida \u00fatil: 4 dies<\/li>\n<\/ul>\n<\/td>\n<td>\n<h5>Congelat<\/h5>\n<ul>\n<li>Pes: 600g<\/li>\n<li>Presentaci\u00f3: 2u<\/li>\n<li>Vida \u00fatil: 90 dies<\/li>\n<\/ul>\n<\/td>\n<\/tr>\n<\/tbody>\n<\/table>\n","protected":false},"featured_media":2419,"comment_status":"open","ping_status":"closed","template":"","meta":{"_monsterinsights_skip_tracking":false,"_monsterinsights_sitenote_active":false,"_monsterinsights_sitenote_note":"","_monsterinsights_sitenote_category":0,"site-sidebar-layout":"default","site-content-layout":"default","ast-global-header-display":"","ast-main-header-display":"","ast-hfb-above-header-display":"","ast-hfb-below-header-display":"","ast-hfb-mobile-header-display":"","site-post-title":"","ast-breadcrumbs-content":"","ast-featured-img":"","footer-sml-layout":"","theme-transparent-header-meta":"default","adv-header-id-meta":"","stick-header-meta":"","header-above-stick-meta":"","header-main-stick-meta":"","header-below-stick-meta":""},"_links":{"self":[{"href":"https:\/\/fornricardera.com\/ca\/wp-json\/wp\/v2\/product\/2459"}],"collection":[{"href":"https:\/\/fornricardera.com\/ca\/wp-json\/wp\/v2\/product"}],"about":[{"href":"https:\/\/fornricardera.com\/ca\/wp-json\/wp\/v2\/types\/product"}],"replies":[{"embeddable":true,"href":"https:\/\/fornricardera.com\/ca\/wp-json\/wp\/v2\/comments?post=2459"}],"version-history":[{"count":1,"href":"https:\/\/fornricardera.com\/ca\/wp-json\/wp\/v2\/product\/2459\/revisions"}],"predecessor-version":[{"id":2461,"href":"https:\/\/fornricardera.com\/ca\/wp-json\/wp\/v2\/product\/2459\/revisions\/2461"}],"wp:featuredmedia":[{"embeddable":true,"href":"https:\/\/fornricardera.com\/ca\/wp-json\/wp\/v2\/media\/2419"}],"wp:attachment":[{"href":"https:\/\/fornricardera.com\/ca\/wp-json\/wp\/v2\/media?parent=2459"}],"curies":[{"name":"wp","href":"https:\/\/api.w.org\/{rel}","templated":true}]}}