{"id":2506,"date":"2020-11-20T10:26:27","date_gmt":"2020-11-20T10:26:27","guid":{"rendered":"https:\/\/fornricardera.com\/?post_type=product&#038;p=2506"},"modified":"2024-07-08T10:56:13","modified_gmt":"2024-07-08T10:56:13","slug":"tortell-de-reis-petit-de-crema","status":"publish","type":"product","link":"https:\/\/fornricardera.com\/ca\/producto\/tortell-de-reis-petit-de-crema\/","title":{"rendered":"Tortell de Reis petit de crema"},"content":{"rendered":"","protected":false},"excerpt":{"rendered":"<h4>Ingredients<\/h4>\n<p>Tortell: Mid\u00f3 de blat de moro, aigua, <strong>mantega<\/strong> (<strong>nata pasteuritzada<\/strong> i <strong>ferments l\u00e0ctics<\/strong>), sucre, <strong>ous,<\/strong> fruites confitades (carbassa, taronja, cirera, xarop de glucosa i fructosa, acidulant (\u00e1cid c\u00edtric), conservants (sorbat pot\u00e0ssic i <strong>metabisulfit s\u00f2dic)<\/strong> i colorants (E127, E100 i E133)), <strong>llet en pols<\/strong>, farina de teff, farina de blat de moro, licor de taronja (alcohol rectificat de melaces i olis essencials), humectant (sorbitol), <strong>alb\u00famina d\u2019ou<\/strong>, mid\u00f3 d\u2019arr\u00f2s, llevat, fibra de xicoira, gelificant (goma xantana), farina d\u2019arr\u00f2s, sal, emulgents (E472e, E471 i lecitina de gira-sol), conservant (\u00e1cid s\u00f3rbic) i aromes. Farcit: <strong>Crema<\/strong> (65%)(grassa vegetal, glucosa, conservant (E-200) i colorant (E-160b)).<\/p>\n<p>PRECAUCI\u00d3: Dins porta un rei i una fava amagats.<\/p>\n<h4>Al\u00b7l\u00e8rgens<\/h4>\n<p><strong>Cont\u00e9 ou, llet i sulfits.<\/strong><\/p>\n<h4>Formats<\/h4>\n<p>Tortell dins una caixa amb base de cartr\u00f3 i tapa transparent amb corona i targeta.<\/p>\n<table>\n<tbody>\n<tr>\n<td>\n<h5>Refrigerat<\/h5>\n<ul>\n<li>Pes: 550g<\/li>\n<li>Presentaci\u00f3: 1u<\/li>\n<li>Vida \u00fatil: 5 dies<\/li>\n<\/ul>\n<\/td>\n<td>\n<h5>Congelat<\/h5>\n<ul>\n<li>Pes: 550g<\/li>\n<li>Presentaci\u00f3: 1u<\/li>\n<li>Vida \u00fatil: 90 dies<\/li>\n<\/ul>\n<\/td>\n<\/tr>\n<\/tbody>\n<\/table>\n","protected":false},"featured_media":2390,"comment_status":"open","ping_status":"closed","template":"","meta":{"_monsterinsights_skip_tracking":false,"_monsterinsights_sitenote_active":false,"_monsterinsights_sitenote_note":"","_monsterinsights_sitenote_category":0,"site-sidebar-layout":"default","site-content-layout":"default","ast-global-header-display":"","ast-main-header-display":"","ast-hfb-above-header-display":"","ast-hfb-below-header-display":"","ast-hfb-mobile-header-display":"","site-post-title":"","ast-breadcrumbs-content":"","ast-featured-img":"","footer-sml-layout":"","theme-transparent-header-meta":"default","adv-header-id-meta":"","stick-header-meta":"","header-above-stick-meta":"","header-main-stick-meta":"","header-below-stick-meta":""},"_links":{"self":[{"href":"https:\/\/fornricardera.com\/ca\/wp-json\/wp\/v2\/product\/2506"}],"collection":[{"href":"https:\/\/fornricardera.com\/ca\/wp-json\/wp\/v2\/product"}],"about":[{"href":"https:\/\/fornricardera.com\/ca\/wp-json\/wp\/v2\/types\/product"}],"replies":[{"embeddable":true,"href":"https:\/\/fornricardera.com\/ca\/wp-json\/wp\/v2\/comments?post=2506"}],"version-history":[{"count":1,"href":"https:\/\/fornricardera.com\/ca\/wp-json\/wp\/v2\/product\/2506\/revisions"}],"predecessor-version":[{"id":2508,"href":"https:\/\/fornricardera.com\/ca\/wp-json\/wp\/v2\/product\/2506\/revisions\/2508"}],"wp:featuredmedia":[{"embeddable":true,"href":"https:\/\/fornricardera.com\/ca\/wp-json\/wp\/v2\/media\/2390"}],"wp:attachment":[{"href":"https:\/\/fornricardera.com\/ca\/wp-json\/wp\/v2\/media?parent=2506"}],"curies":[{"name":"wp","href":"https:\/\/api.w.org\/{rel}","templated":true}]}}