{"id":2935,"date":"2022-03-22T17:46:13","date_gmt":"2022-03-22T17:46:13","guid":{"rendered":"https:\/\/fornricardera.com\/?post_type=product&#038;p=2935"},"modified":"2022-03-31T13:51:18","modified_gmt":"2022-03-31T13:51:18","slug":"mona-de-xoco-petita-de-pressec-2","status":"publish","type":"product","link":"https:\/\/fornricardera.com\/ca\/producto\/mona-de-xoco-petita-de-pressec-2\/","title":{"rendered":"Mona de xoco petita de pr\u00e9ssec"},"content":{"rendered":"","protected":false},"excerpt":{"rendered":"<h4>Ingredients<\/h4>\n<p>BASE: <strong>ous<\/strong>, mid\u00f3 de blat de moro, sucre, oli de gira-sol, gasificant (bicarbonat s\u00f2dic) i antioxidant (\u00e0cid c\u00edtric). FARCIT: melmelada de pr\u00e9ssec (pr\u00e9ssec, sucre, xarop de glucosa i fructosa, espessants (pectina i farina de llavors de garrof\u00ed) i licor (alcohol rectificat de melassa i olis essencials). COBERTURA: sucre, greix vegetal (palma i gira-sol en proporcions variables), greix vegetal totalment hidrogenat (nou de coco i palmist en proporcions variables), cacau desgreixat en pols 16,75%, emulgent (<strong>lecitina de soja<\/strong>), aroma (vanil\u2022lina) i ametlles. DECORACI\u00d3 DE MARGARINA VEGETAL: margarina vegetal (margarina vegetal (olis i greixos vegetals (palma, palma totalment hidrogenada, <strong>soja<\/strong> i gira-sol en proporcions variables), emulgents (E475, E471 i lecitines), acidulant (\u00e0cid c\u00edtric), conservant (E202), aromes i colorant (carotens)). DECORACI\u00d3 DE XOCOLATA: Xocolata blanca (mantega de cacau, sucre,<strong> llet sencera en pols<\/strong>, <strong>mat\u00e8ria grassa l\u00e0ctia<\/strong>, emulgent (<strong>lecitina de soja<\/strong>), aroma natural de vainilla i aromes). Xocolata negra (pasta de cacau, sucre, mantega de cacau, emulgent (<strong>lecitina de soja<\/strong>), aroma natural de vainilla i aromes). Xocolata amb llet (sucre, mantega de cacau, pasta de cacau,<strong> llet sencera en pols<\/strong>, <strong>llet desnatada en pols<\/strong>, emulgent (<strong>lecitina de soja<\/strong>) i aroma. Colorants (E172, E120, E133, E171, E153 i E101), concentrat de espirulina i agents de recobriment (E414, E903 i E901).<\/p>\n<h4>Al\u00b7l\u00e8rgens<\/h4>\n<p><strong>Cont\u00e9 ou, llet, soja i ametlles i pot contenir traces d&#8217;altres fruits secs i cacauets.<\/strong><\/p>\n<h4>Format<\/h4>\n<p>Mona en una safata coberta per una bossa de pl\u00e0stic transparent dins d&#8217;una caixa de cartr\u00f3.<\/p>\n<table>\n<tbody>\n<tr>\n<td>\n<h5>Refrigerat<\/h5>\n<ul>\n<li>Pes: 900g<\/li>\n<li>Presentaci\u00f3: 1u<\/li>\n<li>Vida \u00fatil: 8 dies<\/li>\n<\/ul>\n<\/td>\n<td>\n<h5>Congelat<\/h5>\n<ul>\n<li>Pes: 900g<\/li>\n<li>Presentaci\u00f3: 1u<\/li>\n<li>Vida \u00fatil: 90 dies<\/li>\n<\/ul>\n<\/td>\n<\/tr>\n<\/tbody>\n<\/table>\n","protected":false},"featured_media":3208,"comment_status":"open","ping_status":"closed","template":"","meta":{"_monsterinsights_skip_tracking":false,"_monsterinsights_sitenote_active":false,"_monsterinsights_sitenote_note":"","_monsterinsights_sitenote_category":0,"site-sidebar-layout":"default","site-content-layout":"default","ast-global-header-display":"","ast-main-header-display":"","ast-hfb-above-header-display":"","ast-hfb-below-header-display":"","ast-hfb-mobile-header-display":"","site-post-title":"","ast-breadcrumbs-content":"","ast-featured-img":"","footer-sml-layout":"","theme-transparent-header-meta":"default","adv-header-id-meta":null,"stick-header-meta":"default","header-above-stick-meta":"","header-main-stick-meta":"","header-below-stick-meta":""},"_links":{"self":[{"href":"https:\/\/fornricardera.com\/ca\/wp-json\/wp\/v2\/product\/2935"}],"collection":[{"href":"https:\/\/fornricardera.com\/ca\/wp-json\/wp\/v2\/product"}],"about":[{"href":"https:\/\/fornricardera.com\/ca\/wp-json\/wp\/v2\/types\/product"}],"replies":[{"embeddable":true,"href":"https:\/\/fornricardera.com\/ca\/wp-json\/wp\/v2\/comments?post=2935"}],"version-history":[{"count":2,"href":"https:\/\/fornricardera.com\/ca\/wp-json\/wp\/v2\/product\/2935\/revisions"}],"predecessor-version":[{"id":3030,"href":"https:\/\/fornricardera.com\/ca\/wp-json\/wp\/v2\/product\/2935\/revisions\/3030"}],"wp:featuredmedia":[{"embeddable":true,"href":"https:\/\/fornricardera.com\/ca\/wp-json\/wp\/v2\/media\/3208"}],"wp:attachment":[{"href":"https:\/\/fornricardera.com\/ca\/wp-json\/wp\/v2\/media?parent=2935"}],"curies":[{"name":"wp","href":"https:\/\/api.w.org\/{rel}","templated":true}]}}