{"id":2942,"date":"2022-03-22T17:48:32","date_gmt":"2022-03-22T17:48:32","guid":{"rendered":"https:\/\/fornricardera.com\/?post_type=product&#038;p=2942"},"modified":"2025-06-01T23:22:42","modified_gmt":"2025-06-01T23:22:42","slug":"base-de-pastis-petita","status":"publish","type":"product","link":"https:\/\/fornricardera.com\/ca\/producto\/base-de-pastis-petita\/","title":{"rendered":"Base de past\u00eds petita"},"content":{"rendered":"","protected":false},"excerpt":{"rendered":"<h4>Ingredients<\/h4>\n<p><strong>Ous<\/strong>, mid\u00f3 de blat de moro, sucre, oli de gira-sol, gasificant (bicarbonat s\u00f3dic) i antioxidant (\u00e1cid c\u00edtric).<\/p>\n<h4>Al\u00b7l\u00e8rgens<\/h4>\n<p><strong>Cont\u00e9 ou.<br \/>\n<\/strong><\/p>\n<h4>Format<\/h4>\n<ul>\n<li>Pes: 300g<\/li>\n<li>Presentaci\u00f3: 1u<\/li>\n<li>Vida \u00fatil: 5 dies<\/li>\n<\/ul>\n","protected":false},"featured_media":2905,"comment_status":"open","ping_status":"closed","template":"","meta":{"_monsterinsights_skip_tracking":false,"_monsterinsights_sitenote_active":false,"_monsterinsights_sitenote_note":"","_monsterinsights_sitenote_category":0,"site-sidebar-layout":"default","site-content-layout":"default","ast-global-header-display":"","ast-main-header-display":"","ast-hfb-above-header-display":"","ast-hfb-below-header-display":"","ast-hfb-mobile-header-display":"","site-post-title":"","ast-breadcrumbs-content":"","ast-featured-img":"","footer-sml-layout":"","theme-transparent-header-meta":"default","adv-header-id-meta":"","stick-header-meta":"default","header-above-stick-meta":"","header-main-stick-meta":"","header-below-stick-meta":""},"_links":{"self":[{"href":"https:\/\/fornricardera.com\/ca\/wp-json\/wp\/v2\/product\/2942"}],"collection":[{"href":"https:\/\/fornricardera.com\/ca\/wp-json\/wp\/v2\/product"}],"about":[{"href":"https:\/\/fornricardera.com\/ca\/wp-json\/wp\/v2\/types\/product"}],"replies":[{"embeddable":true,"href":"https:\/\/fornricardera.com\/ca\/wp-json\/wp\/v2\/comments?post=2942"}],"version-history":[{"count":2,"href":"https:\/\/fornricardera.com\/ca\/wp-json\/wp\/v2\/product\/2942\/revisions"}],"predecessor-version":[{"id":2982,"href":"https:\/\/fornricardera.com\/ca\/wp-json\/wp\/v2\/product\/2942\/revisions\/2982"}],"wp:featuredmedia":[{"embeddable":true,"href":"https:\/\/fornricardera.com\/ca\/wp-json\/wp\/v2\/media\/2905"}],"wp:attachment":[{"href":"https:\/\/fornricardera.com\/ca\/wp-json\/wp\/v2\/media?parent=2942"}],"curies":[{"name":"wp","href":"https:\/\/api.w.org\/{rel}","templated":true}]}}