{"id":3157,"date":"2023-01-31T10:25:05","date_gmt":"2023-01-31T10:25:05","guid":{"rendered":"https:\/\/fornricardera.com\/?post_type=product&#038;p=3157"},"modified":"2023-02-02T16:09:48","modified_gmt":"2023-02-02T16:09:48","slug":"pastis-de-sant-valenti-de-melmelada-de-pressec","status":"publish","type":"product","link":"https:\/\/fornricardera.com\/ca\/producto\/pastis-de-sant-valenti-de-melmelada-de-pressec\/","title":{"rendered":"Past\u00eds de Sant Valent\u00ed de melmelada de pr\u00e9ssec"},"content":{"rendered":"","protected":false},"excerpt":{"rendered":"<h4>Ingredients<\/h4>\n<p>BASE: <strong>ous<\/strong>, mid\u00f3 de blat de moro, sucre, oli de gira-sol, gasificant (bicarbonat s\u00f2dic) i antioxidant (\u00e0cid c\u00edtric). FARCIT: Melmelada de pr\u00e9ssec (17%) (pr\u00e9ssec, sucre, xarop de glucosa i fructosa, espessants (pectina i farina de llavors de garrof\u00ed) i licor (alcohol rectificat de melassa i olis essencials)). COBERTURA I DECORACI\u00d3: Sucre, grassa vegetal (palma, gira-sol i colza) en proporcions variables, grassa vegetal totalment hidrogenada (nou de coco i palmist) en proporcions variables, grassa vegetal parcialment hidrogenada (palmist), pasta de cacau, mantega de cacau, cacau desgreixat en pols (15%), emulgents (<strong>lecitina de soja<\/strong>, E-322, E-472c i E-492), <strong>s\u00e8rum de llet en pols<\/strong>, colorant (E-129) i aromes.<\/p>\n<h4>Al\u00b7l\u00e8rgens<\/h4>\n<p><strong>Cont\u00e9 ou, soja i llet i pot contenir traces de fruits secs.<\/strong><\/p>\n<h4>Format<\/h4>\n<ul>\n<li style=\"margin-left: -25px;\">Past\u00eds dins d&#8217;una caixa amb base de cartr\u00f3 i tapa transparent.<\/li>\n<li style=\"margin-left: -25px;\">Pes: 370g<\/li>\n<li style=\"margin-left: -25px;\">Presentaci\u00f3: 1u<\/li>\n<li style=\"margin-left: -25px;\">Vida \u00fatil: 10 dies<\/li>\n<\/ul>\n","protected":false},"featured_media":3150,"comment_status":"open","ping_status":"closed","template":"","meta":{"_monsterinsights_skip_tracking":false,"_monsterinsights_sitenote_active":false,"_monsterinsights_sitenote_note":"","_monsterinsights_sitenote_category":0,"site-sidebar-layout":"default","site-content-layout":"default","ast-global-header-display":"","ast-main-header-display":"","ast-hfb-above-header-display":"","ast-hfb-below-header-display":"","ast-hfb-mobile-header-display":"","site-post-title":"","ast-breadcrumbs-content":"","ast-featured-img":"","footer-sml-layout":"","theme-transparent-header-meta":"default","adv-header-id-meta":"","stick-header-meta":"default","header-above-stick-meta":"","header-main-stick-meta":"","header-below-stick-meta":""},"_links":{"self":[{"href":"https:\/\/fornricardera.com\/ca\/wp-json\/wp\/v2\/product\/3157"}],"collection":[{"href":"https:\/\/fornricardera.com\/ca\/wp-json\/wp\/v2\/product"}],"about":[{"href":"https:\/\/fornricardera.com\/ca\/wp-json\/wp\/v2\/types\/product"}],"replies":[{"embeddable":true,"href":"https:\/\/fornricardera.com\/ca\/wp-json\/wp\/v2\/comments?post=3157"}],"version-history":[{"count":3,"href":"https:\/\/fornricardera.com\/ca\/wp-json\/wp\/v2\/product\/3157\/revisions"}],"predecessor-version":[{"id":3191,"href":"https:\/\/fornricardera.com\/ca\/wp-json\/wp\/v2\/product\/3157\/revisions\/3191"}],"wp:featuredmedia":[{"embeddable":true,"href":"https:\/\/fornricardera.com\/ca\/wp-json\/wp\/v2\/media\/3150"}],"wp:attachment":[{"href":"https:\/\/fornricardera.com\/ca\/wp-json\/wp\/v2\/media?parent=3157"}],"curies":[{"name":"wp","href":"https:\/\/api.w.org\/{rel}","templated":true}]}}