{"id":3212,"date":"2023-04-03T06:54:49","date_gmt":"2023-04-03T06:54:49","guid":{"rendered":"https:\/\/fornricardera.com\/?post_type=product&#038;p=3212"},"modified":"2023-04-03T07:44:27","modified_gmt":"2023-04-03T07:44:27","slug":"llibre-de-sant-jordi-de-xoco","status":"publish","type":"product","link":"https:\/\/fornricardera.com\/ca\/producto\/llibre-de-sant-jordi-de-xoco\/","title":{"rendered":"Llibre de Sant Jordi de xoco"},"content":{"rendered":"","protected":false},"excerpt":{"rendered":"<h4>Ingredients<\/h4>\n<p>Crema de cacau (35%) (olis i greixos vegetals (nou de coco i palmist), cacau desgreixat en pols, emulgent (<strong>lecitina de soja<\/strong>),<strong> pasta d\u2019avellanes<\/strong>, <strong>llet<\/strong> i aromes), <strong>ous<\/strong>, cobertura de cacau (sucre, grasses vegetals (palma i gira-sol en proporcions variables), cacau desgrassat en pols (16,75%), emulgent (<strong>lecitina de soja<\/strong>) i vainillina), mid\u00f3 de blat de moro, sucre, licor de taronja (alcohol rectificat de melaces, sucre i olis essencials), farina de blat de moro, sucre invertit, gasificant (bicarbonat s\u00f2dic), decoraci\u00f3 de xocolata (pasta de cacau (cacau m\u00ednim 70%), sucre, mantega de cacau,<strong> llet desnatada en pols, mat\u00e8ria grassa l\u00e0ctea anhidra (MGLA)<\/strong>, emulgent (<strong>lecitina de soja<\/strong>), aromes i colorants (E-171, E-172, E-120, E-101 y E-133)), gelificant (goma xantana), antioxidant (\u00e0cid c\u00edtric) i conservant (\u00e0cid s\u00f2rbic).<\/p>\n<h4>Al\u00b7l\u00e8rgens<\/h4>\n<p><strong>Cont\u00e9 ou, soja, llet i avellanes i pot contenir traces d&#8217;altres fruits secs.<\/strong><\/p>\n<h4>Format<\/h4>\n<ul>\n<li style=\"margin-left: -25px;\">Past\u00eds dins d&#8217;una caixa amb base de cartr\u00f3 i tapa transparent.<\/li>\n<li style=\"margin-left: -25px;\">Pes: 550g<\/li>\n<li style=\"margin-left: -25px;\">Presentaci\u00f3: 1u<\/li>\n<li style=\"margin-left: -25px;\">Vida \u00fatil: 10 dies<\/li>\n<\/ul>\n","protected":false},"featured_media":3061,"comment_status":"open","ping_status":"closed","template":"","meta":{"_monsterinsights_skip_tracking":false,"_monsterinsights_sitenote_active":false,"_monsterinsights_sitenote_note":"","_monsterinsights_sitenote_category":0,"site-sidebar-layout":"default","site-content-layout":"default","ast-global-header-display":"","ast-main-header-display":"","ast-hfb-above-header-display":"","ast-hfb-below-header-display":"","ast-hfb-mobile-header-display":"","site-post-title":"","ast-breadcrumbs-content":"","ast-featured-img":"","footer-sml-layout":"","theme-transparent-header-meta":"default","adv-header-id-meta":"","stick-header-meta":"default","header-above-stick-meta":"","header-main-stick-meta":"","header-below-stick-meta":""},"_links":{"self":[{"href":"https:\/\/fornricardera.com\/ca\/wp-json\/wp\/v2\/product\/3212"}],"collection":[{"href":"https:\/\/fornricardera.com\/ca\/wp-json\/wp\/v2\/product"}],"about":[{"href":"https:\/\/fornricardera.com\/ca\/wp-json\/wp\/v2\/types\/product"}],"replies":[{"embeddable":true,"href":"https:\/\/fornricardera.com\/ca\/wp-json\/wp\/v2\/comments?post=3212"}],"version-history":[{"count":2,"href":"https:\/\/fornricardera.com\/ca\/wp-json\/wp\/v2\/product\/3212\/revisions"}],"predecessor-version":[{"id":3237,"href":"https:\/\/fornricardera.com\/ca\/wp-json\/wp\/v2\/product\/3212\/revisions\/3237"}],"wp:featuredmedia":[{"embeddable":true,"href":"https:\/\/fornricardera.com\/ca\/wp-json\/wp\/v2\/media\/3061"}],"wp:attachment":[{"href":"https:\/\/fornricardera.com\/ca\/wp-json\/wp\/v2\/media?parent=3212"}],"curies":[{"name":"wp","href":"https:\/\/api.w.org\/{rel}","templated":true}]}}